{"id":13541,"date":"2024-02-14T09:54:45","date_gmt":"2024-02-14T08:54:45","guid":{"rendered":"https:\/\/www.meublezenith.it\/colazione\/"},"modified":"2024-12-16T09:42:34","modified_gmt":"2024-12-16T08:42:34","slug":"colazione","status":"publish","type":"page","link":"https:\/\/www.meublezenith.it\/de\/colazione\/","title":{"rendered":"Fr\u00fchst\u00fcck"},"content":{"rendered":"\t\t<div data-elementor-type=\"wp-page\" data-elementor-id=\"13541\" class=\"elementor elementor-13541 elementor-7772\">\n\t\t\t\t<div class=\"elementor-element elementor-element-033bd3b e-con-full e-flex e-con e-parent\" data-id=\"033bd3b\" data-element_type=\"container\" data-e-type=\"container\" data-settings=\"{&quot;background_background&quot;:&quot;classic&quot;}\">\n\t\t<div class=\"elementor-element elementor-element-effeeab e-con-full qodef-elementor-content-grid e-flex e-con e-child\" data-id=\"effeeab\" data-element_type=\"container\" data-e-type=\"container\">\n\t\t<div class=\"elementor-element elementor-element-7f05a61 e-con-full e-flex e-con e-child\" data-id=\"7f05a61\" data-element_type=\"container\" data-e-type=\"container\">\n\t\t<div class=\"elementor-element elementor-element-b86aa0b e-con-full e-flex e-con e-child\" data-id=\"b86aa0b\" data-element_type=\"container\" data-e-type=\"container\">\n\t\t\t\t<div class=\"elementor-element elementor-element-a73f3ec elementor-widget__width-initial elementor-widget-tablet__width-inherit elementor-widget elementor-widget-carsten_core_section_title\" data-id=\"a73f3ec\" data-element_type=\"widget\" data-e-type=\"widget\" data-widget_type=\"carsten_core_section_title.default\">\n\t\t\t\t<div class=\"elementor-widget-container\">\n\t\t\t\t\t<div class=\"qodef-shortcode qodef-m  qodef-section-title qodef-alignment--left \">\n\t\t<h2 class=\"qodef-m-title\" style=\"color: #C6B9B9;text-transform: uppercase\">\n\t\t\t\t\tBeginnen Sie den Tag mit einem guten Fr\u00fchst\u00fcck\t\t\t<\/h2>\n\t\t<\/div>\n\t\t\t\t<\/div>\n\t\t\t\t<\/div>\n\t\t\t\t<\/div>\n\t\t<div class=\"elementor-element elementor-element-03bb043 e-con-full e-flex e-con e-child\" data-id=\"03bb043\" data-element_type=\"container\" data-e-type=\"container\">\n\t\t\t\t<div class=\"elementor-element elementor-element-d282e8e elementor-widget__width-initial elementor-widget-tablet__width-inherit elementor-widget elementor-widget-carsten_core_section_title\" data-id=\"d282e8e\" data-element_type=\"widget\" data-e-type=\"widget\" data-widget_type=\"carsten_core_section_title.default\">\n\t\t\t\t<div class=\"elementor-widget-container\">\n\t\t\t\t\t<div class=\"qodef-shortcode qodef-m  qodef-section-title qodef-alignment--left \">\n\t\t<h5 class=\"qodef-m-title\" style=\"color: #0D1A33\">\n\t\t\t\t\tHotel Zenith: Bed &amp; Breakfast in Lignano Pineta\t\t\t<\/h5>\n\t\t<\/div>\n\t\t\t\t<\/div>\n\t\t\t\t<\/div>\n\t\t\t\t<\/div>\n\t\t\t\t<div class=\"elementor-element elementor-element-0874e22 elementor-widget elementor-widget-text-editor\" data-id=\"0874e22\" data-element_type=\"widget\" data-e-type=\"widget\" data-widget_type=\"text-editor.default\">\n\t\t\t\t<div class=\"elementor-widget-container\">\n\t\t\t\t\t\t\t\t\t<p>Unsere Philosophie ist die Bed &amp; Breakfast-Formel, d.h. Zimmer und Fr\u00fchst\u00fcck.<\/p><p>Von 8 bis 10 Uhr finden Sie im k\u00fcrzlich renovierten Fr\u00fchst\u00fccksraum ein reichhaltiges Buffet, bei dem Sie aus einer gro\u00dfen Auswahl an s\u00fc\u00dfen und herzhaften Speisen w\u00e4hlen k\u00f6nnen.<\/p>\t\t\t\t\t\t\t\t<\/div>\n\t\t\t\t<\/div>\n\t\t\t\t<div class=\"elementor-element elementor-element-960c41a elementor-widget elementor-widget-text-editor\" data-id=\"960c41a\" data-element_type=\"widget\" data-e-type=\"widget\" data-widget_type=\"text-editor.default\">\n\t\t\t\t<div class=\"elementor-widget-container\">\n\t\t\t\t\t\t\t\t\t<p>Sie k\u00f6nnen den Fr\u00fchst\u00fcck im Speisesaal oder auf unserer Terrasse inmitten des Gr\u00fcns und der Stille des Kiefernwaldes genie\u00dfen.<\/p>\t\t\t\t\t\t\t\t<\/div>\n\t\t\t\t<\/div>\n\t\t\t\t<\/div>\n\t\t<div class=\"elementor-element elementor-element-49dd5c9 e-con-full animated-slow e-flex elementor-invisible e-con e-child\" data-id=\"49dd5c9\" data-element_type=\"container\" data-e-type=\"container\" data-settings=\"{&quot;background_background&quot;:&quot;classic&quot;,&quot;animation&quot;:&quot;zoomIn&quot;}\">\n\t\t\t\t<\/div>\n\t\t\t\t<\/div>\n\t\t\t\t<\/div>\n\t\t<div class=\"elementor-element elementor-element-6f60356 e-con-full elementor-hidden-mobile e-flex e-con e-parent\" data-id=\"6f60356\" data-element_type=\"container\" data-e-type=\"container\" data-settings=\"{&quot;background_background&quot;:&quot;classic&quot;}\">\n\t\t\t\t<\/div>\n\t\t<div class=\"elementor-element elementor-element-9455f5a e-con-full e-flex e-con e-parent\" data-id=\"9455f5a\" data-element_type=\"container\" data-e-type=\"container\" data-settings=\"{&quot;background_background&quot;:&quot;classic&quot;}\">\n\t\t<div class=\"elementor-element elementor-element-bc83254 e-con-full qodef-elementor-content-grid e-flex e-con e-child\" data-id=\"bc83254\" data-element_type=\"container\" data-e-type=\"container\">\n\t\t<div class=\"elementor-element elementor-element-e745c33 e-con-full animated-slow e-flex elementor-invisible e-con e-child\" data-id=\"e745c33\" data-element_type=\"container\" data-e-type=\"container\" data-settings=\"{&quot;background_background&quot;:&quot;classic&quot;,&quot;animation&quot;:&quot;zoomIn&quot;}\">\n\t\t\t\t<\/div>\n\t\t<div class=\"elementor-element elementor-element-2fc9de0 e-con-full e-flex e-con e-child\" data-id=\"2fc9de0\" data-element_type=\"container\" data-e-type=\"container\">\n\t\t<div class=\"elementor-element elementor-element-3b5f735 e-con-full e-flex e-con e-child\" data-id=\"3b5f735\" data-element_type=\"container\" data-e-type=\"container\">\n\t\t\t\t<div class=\"elementor-element elementor-element-51c5548 elementor-widget__width-initial elementor-widget-tablet__width-inherit elementor-widget elementor-widget-carsten_core_section_title\" data-id=\"51c5548\" data-element_type=\"widget\" data-e-type=\"widget\" data-widget_type=\"carsten_core_section_title.default\">\n\t\t\t\t<div class=\"elementor-widget-container\">\n\t\t\t\t\t<div class=\"qodef-shortcode qodef-m  qodef-section-title qodef-alignment--left \">\n\t\t<h2 class=\"qodef-m-title\" style=\"color: #C6B9B9;text-transform: uppercase\">\n\t\t\t\t\tS\u00fc\u00dfes und herzhaftes Fr\u00fchst\u00fcck\t\t\t<\/h2>\n\t\t<\/div>\n\t\t\t\t<\/div>\n\t\t\t\t<\/div>\n\t\t\t\t<\/div>\n\t\t\t\t<div class=\"elementor-element elementor-element-36fa766 elementor-widget elementor-widget-text-editor\" data-id=\"36fa766\" data-element_type=\"widget\" data-e-type=\"widget\" data-widget_type=\"text-editor.default\">\n\t\t\t\t<div class=\"elementor-widget-container\">\n\t\t\t\t\t\t\t\t\t<p>Jeden Morgen erwarte Sie ein reichhaltiges Fr\u00fchst\u00fcck: Sie k\u00f6nnen aus einer Vielzahl von M\u00fcsli, Joghurt und einer gro\u00dfen Auswahl an Obst der Saison w\u00e4hlen. Wenn Sie Lust auf etwas S\u00fc\u00dfes haben, lassen Sie sich von unseren Croissants, hausgemachten Kuchen und Keksen verf\u00fchren. Marmeladen, Honig und knuspriger Zwieback oder frisches Brot sind ebenfalls erh\u00e4ltlich. F\u00fcr die Liebhaber des herzhaften Geschmacks gibt es K\u00e4se, hochwertigen Aufschnitt, Eier und knusprigen Speck.<\/p>\t\t\t\t\t\t\t\t<\/div>\n\t\t\t\t<\/div>\n\t\t\t\t<div class=\"elementor-element elementor-element-4a58701 elementor-widget elementor-widget-text-editor\" data-id=\"4a58701\" data-element_type=\"widget\" data-e-type=\"widget\" data-widget_type=\"text-editor.default\">\n\t\t\t\t<div class=\"elementor-widget-container\">\n\t\t\t\t\t\t\t\t\t<p>Zur Verf\u00fcgung stehen Spender f\u00fcr S\u00e4fte und Hei\u00dfgetr\u00e4nke wie Tee, Kaffee, Milch, Schokolade und Cappuccino.<\/p><p>Der Cafeteria-Service an der Bar ist kostenpflichtig.<\/p>\t\t\t\t\t\t\t\t<\/div>\n\t\t\t\t<\/div>\n\t\t\t\t<\/div>\n\t\t\t\t<\/div>\n\t\t\t\t<\/div>\n\t\t<div class=\"elementor-element elementor-element-5d7ccbf e-con-full e-flex e-con e-parent\" data-id=\"5d7ccbf\" data-element_type=\"container\" data-e-type=\"container\" data-settings=\"{&quot;background_background&quot;:&quot;classic&quot;}\">\n\t\t\t\t<div class=\"elementor-element elementor-element-f9b3884 elementor-widget elementor-widget-carsten_core_image_gallery\" data-id=\"f9b3884\" data-element_type=\"widget\" data-e-type=\"widget\" data-widget_type=\"carsten_core_image_gallery.default\">\n\t\t\t\t<div class=\"elementor-widget-container\">\n\t\t\t\t\t<div class=\"qodef-shortcode qodef-m  qodef-image-gallery qodef-magnific-popup qodef-popup-gallery  qodef-vertical-align--no qodef--light qodef-hover--overlay qodef-grid qodef-swiper-container  qodef-gutter--small  qodef-col-num--2.2  qodef-responsive--custom qodef-col-num--1512--2.2 qodef-col-num--1368--2.2 qodef-col-num--1200--2.2 qodef-col-num--1024--2.2 qodef-col-num--880--2.2 qodef-col-num--680--1\"  data-options=\"{&quot;spaceBetween&quot;:20,&quot;slidesPerView&quot;:2.20000000000000017763568394002504646778106689453125,&quot;loop&quot;:true,&quot;autoplay&quot;:true,&quot;speed&quot;:&quot;&quot;,&quot;speedAnimation&quot;:&quot;&quot;,&quot;slideAnimation&quot;:&quot;&quot;,&quot;direction&quot;:&quot;&quot;,&quot;reverseDirection&quot;:false,&quot;centeredSlides&quot;:true,&quot;sliderScroll&quot;:&quot;&quot;,&quot;loopedSlides&quot;:&quot;&quot;,&quot;hiddenSlides&quot;:&quot;&quot;,&quot;partialColumn&quot;:true,&quot;partialColumnValue&quot;:&quot;0.2&quot;,&quot;customStages&quot;:true,&quot;slidesPerView1512&quot;:2.20000000000000017763568394002504646778106689453125,&quot;slidesPerView1368&quot;:2.20000000000000017763568394002504646778106689453125,&quot;slidesPerView1200&quot;:2.20000000000000017763568394002504646778106689453125,&quot;slidesPerView1024&quot;:2.20000000000000017763568394002504646778106689453125,&quot;slidesPerView880&quot;:2.20000000000000017763568394002504646778106689453125,&quot;slidesPerView680&quot;:&quot;1&quot;}\">\n\t<div class=\"swiper-wrapper\">\n\t\t<div class=\"qodef-e qodef-image-wrapper swiper-slide \">\n\t\t\t<a class=\"qodef-popup-item\" itemprop=\"image\" href=\"https:\/\/www.meublezenith.it\/wp-content\/uploads\/2024\/08\/colazione-a-buffet-1.jpg\" data-type=\"image\" title=\"\">\n\t\t\t<div class=\"qodef-e-image\">\n\t\t\t<img fetchpriority=\"high\" decoding=\"async\" width=\"850\" height=\"550\" src=\"https:\/\/www.meublezenith.it\/wp-content\/uploads\/2024\/08\/colazione-a-buffet-1.jpg\" class=\"attachment-full size-full\" alt=\"\" srcset=\"https:\/\/www.meublezenith.it\/wp-content\/uploads\/2024\/08\/colazione-a-buffet-1.jpg 850w, https:\/\/www.meublezenith.it\/wp-content\/uploads\/2024\/08\/colazione-a-buffet-1-300x194.jpg 300w, https:\/\/www.meublezenith.it\/wp-content\/uploads\/2024\/08\/colazione-a-buffet-1-768x497.jpg 768w\" sizes=\"(max-width: 850px) 100vw, 850px\" \/>\t\t<\/div>\n\t\t\t\t\t<\/a>\n\t<\/div>\n<div class=\"qodef-e qodef-image-wrapper swiper-slide \">\n\t\t\t<a class=\"qodef-popup-item\" itemprop=\"image\" href=\"https:\/\/www.meublezenith.it\/wp-content\/uploads\/2024\/08\/Hotel-Meuble-Zenith-Colazione-023.jpg\" data-type=\"image\" title=\"\">\n\t\t\t<div class=\"qodef-e-image\">\n\t\t\t<img decoding=\"async\" width=\"850\" height=\"550\" src=\"https:\/\/www.meublezenith.it\/wp-content\/uploads\/2024\/08\/Hotel-Meuble-Zenith-Colazione-023.jpg\" class=\"attachment-full size-full\" alt=\"\" srcset=\"https:\/\/www.meublezenith.it\/wp-content\/uploads\/2024\/08\/Hotel-Meuble-Zenith-Colazione-023.jpg 850w, https:\/\/www.meublezenith.it\/wp-content\/uploads\/2024\/08\/Hotel-Meuble-Zenith-Colazione-023-300x194.jpg 300w, https:\/\/www.meublezenith.it\/wp-content\/uploads\/2024\/08\/Hotel-Meuble-Zenith-Colazione-023-768x497.jpg 768w\" sizes=\"(max-width: 850px) 100vw, 850px\" \/>\t\t<\/div>\n\t\t\t\t\t<\/a>\n\t<\/div>\n<div class=\"qodef-e qodef-image-wrapper swiper-slide \">\n\t\t\t<a class=\"qodef-popup-item\" itemprop=\"image\" href=\"https:\/\/www.meublezenith.it\/wp-content\/uploads\/2024\/08\/Hotel-Meuble-Zenith-Colazione-011.jpg\" data-type=\"image\" title=\"\">\n\t\t\t<div class=\"qodef-e-image\">\n\t\t\t<img decoding=\"async\" width=\"850\" height=\"550\" src=\"https:\/\/www.meublezenith.it\/wp-content\/uploads\/2024\/08\/Hotel-Meuble-Zenith-Colazione-011.jpg\" class=\"attachment-full size-full\" alt=\"\" srcset=\"https:\/\/www.meublezenith.it\/wp-content\/uploads\/2024\/08\/Hotel-Meuble-Zenith-Colazione-011.jpg 850w, https:\/\/www.meublezenith.it\/wp-content\/uploads\/2024\/08\/Hotel-Meuble-Zenith-Colazione-011-300x194.jpg 300w, https:\/\/www.meublezenith.it\/wp-content\/uploads\/2024\/08\/Hotel-Meuble-Zenith-Colazione-011-768x497.jpg 768w\" sizes=\"(max-width: 850px) 100vw, 850px\" \/>\t\t<\/div>\n\t\t\t\t\t<\/a>\n\t<\/div>\n<div class=\"qodef-e qodef-image-wrapper swiper-slide \">\n\t\t\t<a class=\"qodef-popup-item\" itemprop=\"image\" href=\"https:\/\/www.meublezenith.it\/wp-content\/uploads\/2024\/08\/Hotel-Meuble-Zenith-Colazione-028.jpg\" data-type=\"image\" title=\"\">\n\t\t\t<div class=\"qodef-e-image\">\n\t\t\t<img loading=\"lazy\" decoding=\"async\" width=\"850\" height=\"550\" src=\"https:\/\/www.meublezenith.it\/wp-content\/uploads\/2024\/08\/Hotel-Meuble-Zenith-Colazione-028.jpg\" class=\"attachment-full size-full\" alt=\"\" srcset=\"https:\/\/www.meublezenith.it\/wp-content\/uploads\/2024\/08\/Hotel-Meuble-Zenith-Colazione-028.jpg 850w, https:\/\/www.meublezenith.it\/wp-content\/uploads\/2024\/08\/Hotel-Meuble-Zenith-Colazione-028-300x194.jpg 300w, https:\/\/www.meublezenith.it\/wp-content\/uploads\/2024\/08\/Hotel-Meuble-Zenith-Colazione-028-768x497.jpg 768w\" sizes=\"(max-width: 850px) 100vw, 850px\" \/>\t\t<\/div>\n\t\t\t\t\t<\/a>\n\t<\/div>\n<div class=\"qodef-e qodef-image-wrapper swiper-slide \">\n\t\t\t<a class=\"qodef-popup-item\" itemprop=\"image\" href=\"https:\/\/www.meublezenith.it\/wp-content\/uploads\/2024\/08\/biscotti-colazione-zenith.jpg\" data-type=\"image\" title=\"\">\n\t\t\t<div class=\"qodef-e-image\">\n\t\t\t<img loading=\"lazy\" decoding=\"async\" width=\"850\" height=\"550\" src=\"https:\/\/www.meublezenith.it\/wp-content\/uploads\/2024\/08\/biscotti-colazione-zenith.jpg\" class=\"attachment-full size-full\" alt=\"\" srcset=\"https:\/\/www.meublezenith.it\/wp-content\/uploads\/2024\/08\/biscotti-colazione-zenith.jpg 850w, https:\/\/www.meublezenith.it\/wp-content\/uploads\/2024\/08\/biscotti-colazione-zenith-300x194.jpg 300w, https:\/\/www.meublezenith.it\/wp-content\/uploads\/2024\/08\/biscotti-colazione-zenith-768x497.jpg 768w\" sizes=\"(max-width: 850px) 100vw, 850px\" \/>\t\t<\/div>\n\t\t\t\t\t<\/a>\n\t<\/div>\n<div class=\"qodef-e qodef-image-wrapper swiper-slide \">\n\t\t\t<a class=\"qodef-popup-item\" itemprop=\"image\" href=\"https:\/\/www.meublezenith.it\/wp-content\/uploads\/2024\/08\/Hotel-Meuble-Zenith-Colazione-013.jpg\" data-type=\"image\" title=\"\">\n\t\t\t<div class=\"qodef-e-image\">\n\t\t\t<img loading=\"lazy\" decoding=\"async\" width=\"850\" height=\"550\" src=\"https:\/\/www.meublezenith.it\/wp-content\/uploads\/2024\/08\/Hotel-Meuble-Zenith-Colazione-013.jpg\" class=\"attachment-full size-full\" alt=\"\" srcset=\"https:\/\/www.meublezenith.it\/wp-content\/uploads\/2024\/08\/Hotel-Meuble-Zenith-Colazione-013.jpg 850w, https:\/\/www.meublezenith.it\/wp-content\/uploads\/2024\/08\/Hotel-Meuble-Zenith-Colazione-013-300x194.jpg 300w, https:\/\/www.meublezenith.it\/wp-content\/uploads\/2024\/08\/Hotel-Meuble-Zenith-Colazione-013-768x497.jpg 768w\" sizes=\"(max-width: 850px) 100vw, 850px\" \/>\t\t<\/div>\n\t\t\t\t\t<\/a>\n\t<\/div>\n<div class=\"qodef-e qodef-image-wrapper swiper-slide \">\n\t\t\t<a class=\"qodef-popup-item\" itemprop=\"image\" href=\"https:\/\/www.meublezenith.it\/wp-content\/uploads\/2024\/08\/Hotel-Meuble-Zenith-Colazione-015.jpg\" data-type=\"image\" title=\"\">\n\t\t\t<div class=\"qodef-e-image\">\n\t\t\t<img loading=\"lazy\" decoding=\"async\" width=\"850\" height=\"550\" src=\"https:\/\/www.meublezenith.it\/wp-content\/uploads\/2024\/08\/Hotel-Meuble-Zenith-Colazione-015.jpg\" class=\"attachment-full size-full\" alt=\"\" srcset=\"https:\/\/www.meublezenith.it\/wp-content\/uploads\/2024\/08\/Hotel-Meuble-Zenith-Colazione-015.jpg 850w, https:\/\/www.meublezenith.it\/wp-content\/uploads\/2024\/08\/Hotel-Meuble-Zenith-Colazione-015-300x194.jpg 300w, https:\/\/www.meublezenith.it\/wp-content\/uploads\/2024\/08\/Hotel-Meuble-Zenith-Colazione-015-768x497.jpg 768w\" sizes=\"(max-width: 850px) 100vw, 850px\" \/>\t\t<\/div>\n\t\t\t\t\t<\/a>\n\t<\/div>\n<div class=\"qodef-e qodef-image-wrapper swiper-slide \">\n\t\t\t<a class=\"qodef-popup-item\" itemprop=\"image\" href=\"https:\/\/www.meublezenith.it\/wp-content\/uploads\/2024\/08\/frutta-colazione.jpg\" data-type=\"image\" title=\"\">\n\t\t\t<div class=\"qodef-e-image\">\n\t\t\t<img loading=\"lazy\" decoding=\"async\" width=\"850\" height=\"550\" src=\"https:\/\/www.meublezenith.it\/wp-content\/uploads\/2024\/08\/frutta-colazione.jpg\" class=\"attachment-full size-full\" alt=\"\" srcset=\"https:\/\/www.meublezenith.it\/wp-content\/uploads\/2024\/08\/frutta-colazione.jpg 850w, https:\/\/www.meublezenith.it\/wp-content\/uploads\/2024\/08\/frutta-colazione-300x194.jpg 300w, https:\/\/www.meublezenith.it\/wp-content\/uploads\/2024\/08\/frutta-colazione-768x497.jpg 768w\" sizes=\"(max-width: 850px) 100vw, 850px\" \/>\t\t<\/div>\n\t\t\t\t\t<\/a>\n\t<\/div>\n<div class=\"qodef-e qodef-image-wrapper swiper-slide \">\n\t\t\t<a class=\"qodef-popup-item\" itemprop=\"image\" href=\"https:\/\/www.meublezenith.it\/wp-content\/uploads\/2024\/08\/Hotel-Meuble-Zenith-Colazione-021.jpg\" data-type=\"image\" title=\"\">\n\t\t\t<div class=\"qodef-e-image\">\n\t\t\t<img loading=\"lazy\" decoding=\"async\" width=\"850\" height=\"550\" src=\"https:\/\/www.meublezenith.it\/wp-content\/uploads\/2024\/08\/Hotel-Meuble-Zenith-Colazione-021.jpg\" class=\"attachment-full size-full\" alt=\"\" srcset=\"https:\/\/www.meublezenith.it\/wp-content\/uploads\/2024\/08\/Hotel-Meuble-Zenith-Colazione-021.jpg 850w, https:\/\/www.meublezenith.it\/wp-content\/uploads\/2024\/08\/Hotel-Meuble-Zenith-Colazione-021-300x194.jpg 300w, https:\/\/www.meublezenith.it\/wp-content\/uploads\/2024\/08\/Hotel-Meuble-Zenith-Colazione-021-768x497.jpg 768w\" sizes=\"(max-width: 850px) 100vw, 850px\" \/>\t\t<\/div>\n\t\t\t\t\t<\/a>\n\t<\/div>\n<div class=\"qodef-e qodef-image-wrapper swiper-slide \">\n\t\t\t<a class=\"qodef-popup-item\" itemprop=\"image\" href=\"https:\/\/www.meublezenith.it\/wp-content\/uploads\/2024\/08\/Hotel-Meuble-Zenith-Colazione-024.jpg\" data-type=\"image\" title=\"\">\n\t\t\t<div class=\"qodef-e-image\">\n\t\t\t<img loading=\"lazy\" decoding=\"async\" width=\"850\" height=\"550\" src=\"https:\/\/www.meublezenith.it\/wp-content\/uploads\/2024\/08\/Hotel-Meuble-Zenith-Colazione-024.jpg\" class=\"attachment-full size-full\" alt=\"\" srcset=\"https:\/\/www.meublezenith.it\/wp-content\/uploads\/2024\/08\/Hotel-Meuble-Zenith-Colazione-024.jpg 850w, https:\/\/www.meublezenith.it\/wp-content\/uploads\/2024\/08\/Hotel-Meuble-Zenith-Colazione-024-300x194.jpg 300w, https:\/\/www.meublezenith.it\/wp-content\/uploads\/2024\/08\/Hotel-Meuble-Zenith-Colazione-024-768x497.jpg 768w\" sizes=\"(max-width: 850px) 100vw, 850px\" \/>\t\t<\/div>\n\t\t\t\t\t<\/a>\n\t<\/div>\n<div class=\"qodef-e qodef-image-wrapper swiper-slide \">\n\t\t\t<a class=\"qodef-popup-item\" itemprop=\"image\" href=\"https:\/\/www.meublezenith.it\/wp-content\/uploads\/2024\/12\/sala-colazioni-bed-breakfast-lignano-gallery.jpg\" data-type=\"image\" title=\"\">\n\t\t\t<div class=\"qodef-e-image\">\n\t\t\t<img loading=\"lazy\" decoding=\"async\" width=\"850\" height=\"550\" src=\"https:\/\/www.meublezenith.it\/wp-content\/uploads\/2024\/12\/sala-colazioni-bed-breakfast-lignano-gallery.jpg\" class=\"attachment-full size-full\" alt=\"\" srcset=\"https:\/\/www.meublezenith.it\/wp-content\/uploads\/2024\/12\/sala-colazioni-bed-breakfast-lignano-gallery.jpg 850w, https:\/\/www.meublezenith.it\/wp-content\/uploads\/2024\/12\/sala-colazioni-bed-breakfast-lignano-gallery-300x194.jpg 300w, https:\/\/www.meublezenith.it\/wp-content\/uploads\/2024\/12\/sala-colazioni-bed-breakfast-lignano-gallery-768x497.jpg 768w\" sizes=\"(max-width: 850px) 100vw, 850px\" \/>\t\t<\/div>\n\t\t\t\t\t<\/a>\n\t<\/div>\n<div class=\"qodef-e qodef-image-wrapper swiper-slide \">\n\t\t\t<a class=\"qodef-popup-item\" itemprop=\"image\" href=\"https:\/\/www.meublezenith.it\/wp-content\/uploads\/2024\/08\/Hotel-Meuble-Zenith-Colazione-008.jpg\" data-type=\"image\" title=\"\">\n\t\t\t<div class=\"qodef-e-image\">\n\t\t\t<img loading=\"lazy\" decoding=\"async\" width=\"850\" height=\"550\" src=\"https:\/\/www.meublezenith.it\/wp-content\/uploads\/2024\/08\/Hotel-Meuble-Zenith-Colazione-008.jpg\" class=\"attachment-full size-full\" alt=\"\" srcset=\"https:\/\/www.meublezenith.it\/wp-content\/uploads\/2024\/08\/Hotel-Meuble-Zenith-Colazione-008.jpg 850w, https:\/\/www.meublezenith.it\/wp-content\/uploads\/2024\/08\/Hotel-Meuble-Zenith-Colazione-008-300x194.jpg 300w, https:\/\/www.meublezenith.it\/wp-content\/uploads\/2024\/08\/Hotel-Meuble-Zenith-Colazione-008-768x497.jpg 768w\" sizes=\"(max-width: 850px) 100vw, 850px\" \/>\t\t<\/div>\n\t\t\t\t\t<\/a>\n\t<\/div>\n<div class=\"qodef-e qodef-image-wrapper swiper-slide \">\n\t\t\t<a class=\"qodef-popup-item\" itemprop=\"image\" href=\"https:\/\/www.meublezenith.it\/wp-content\/uploads\/2024\/08\/Hotel-Meuble-Zenith-Notturno-019.jpg\" data-type=\"image\" title=\"\">\n\t\t\t<div class=\"qodef-e-image\">\n\t\t\t<img loading=\"lazy\" decoding=\"async\" width=\"850\" height=\"550\" src=\"https:\/\/www.meublezenith.it\/wp-content\/uploads\/2024\/08\/Hotel-Meuble-Zenith-Notturno-019.jpg\" class=\"attachment-full size-full\" alt=\"\" srcset=\"https:\/\/www.meublezenith.it\/wp-content\/uploads\/2024\/08\/Hotel-Meuble-Zenith-Notturno-019.jpg 850w, https:\/\/www.meublezenith.it\/wp-content\/uploads\/2024\/08\/Hotel-Meuble-Zenith-Notturno-019-300x194.jpg 300w, https:\/\/www.meublezenith.it\/wp-content\/uploads\/2024\/08\/Hotel-Meuble-Zenith-Notturno-019-768x497.jpg 768w\" sizes=\"(max-width: 850px) 100vw, 850px\" \/>\t\t<\/div>\n\t\t\t\t\t<\/a>\n\t<\/div>\n<div class=\"qodef-e qodef-image-wrapper swiper-slide \">\n\t\t\t<a class=\"qodef-popup-item\" itemprop=\"image\" href=\"https:\/\/www.meublezenith.it\/wp-content\/uploads\/2024\/08\/colazione-allesterno-1.jpg\" data-type=\"image\" title=\"\">\n\t\t\t<div class=\"qodef-e-image\">\n\t\t\t<img loading=\"lazy\" decoding=\"async\" width=\"850\" height=\"550\" src=\"https:\/\/www.meublezenith.it\/wp-content\/uploads\/2024\/08\/colazione-allesterno-1.jpg\" class=\"attachment-full size-full\" alt=\"\" srcset=\"https:\/\/www.meublezenith.it\/wp-content\/uploads\/2024\/08\/colazione-allesterno-1.jpg 850w, https:\/\/www.meublezenith.it\/wp-content\/uploads\/2024\/08\/colazione-allesterno-1-300x194.jpg 300w, https:\/\/www.meublezenith.it\/wp-content\/uploads\/2024\/08\/colazione-allesterno-1-768x497.jpg 768w\" sizes=\"(max-width: 850px) 100vw, 850px\" \/>\t\t<\/div>\n\t\t\t\t\t<\/a>\n\t<\/div>\n\t<\/div>\n\t\t<div class=\"swiper-button-prev \"><svg class=\"qodef-svg--navigation-arrow-left\" xmlns=\"http:\/\/www.w3.org\/2000\/svg\" width=\"25.547\" height=\"50.094\"><path fill=\"none\" stroke=\"currentColor\" stroke-linecap=\"round\" stroke-linejoin=\"round\" d=\"M24.84.707.5 25.047l24.34 24.34\"\/><\/svg><\/div>\n\t<div class=\"swiper-button-next \"><svg class=\"qodef-svg--navigation-arrow-right\" xmlns=\"http:\/\/www.w3.org\/2000\/svg\" width=\"25.547\" height=\"50.094\"><path fill=\"none\" stroke=\"currentColor\" stroke-linecap=\"round\" stroke-linejoin=\"round\" d=\"m.707.707 24.34 24.34-24.34 24.34\"\/><\/svg><\/div>\n\t<\/div>\n\t\t\t\t<\/div>\n\t\t\t\t<\/div>\n\t\t\t\t<\/div>\n\t\t\t\t<\/div>\n\t\t","protected":false},"excerpt":{"rendered":"<p>Beginnen Sie den Tag mit einem guten Fr\u00fchst\u00fcck Hotel Zenith: Bed &amp; Breakfast in Lignano Pineta Unsere Philosophie ist die Bed &amp; Breakfast-Formel, d.h. Zimmer und Fr\u00fchst\u00fcck. Von 8 bis 10 Uhr finden Sie im k\u00fcrzlich renovierten Fr\u00fchst\u00fccksraum ein reichhaltiges Buffet, bei dem Sie aus einer gro\u00dfen Auswahl an s\u00fc\u00dfen und herzhaften Speisen w\u00e4hlen k\u00f6nnen. [&hellip;]<\/p>\n","protected":false},"author":2,"featured_media":0,"parent":0,"menu_order":0,"comment_status":"closed","ping_status":"closed","template":"page-full-width.php","meta":{"footnotes":""},"class_list":["post-13541","page","type-page","status-publish","hentry"],"_links":{"self":[{"href":"https:\/\/www.meublezenith.it\/de\/wp-json\/wp\/v2\/pages\/13541","targetHints":{"allow":["GET"]}}],"collection":[{"href":"https:\/\/www.meublezenith.it\/de\/wp-json\/wp\/v2\/pages"}],"about":[{"href":"https:\/\/www.meublezenith.it\/de\/wp-json\/wp\/v2\/types\/page"}],"author":[{"embeddable":true,"href":"https:\/\/www.meublezenith.it\/de\/wp-json\/wp\/v2\/users\/2"}],"replies":[{"embeddable":true,"href":"https:\/\/www.meublezenith.it\/de\/wp-json\/wp\/v2\/comments?post=13541"}],"version-history":[{"count":2,"href":"https:\/\/www.meublezenith.it\/de\/wp-json\/wp\/v2\/pages\/13541\/revisions"}],"predecessor-version":[{"id":14008,"href":"https:\/\/www.meublezenith.it\/de\/wp-json\/wp\/v2\/pages\/13541\/revisions\/14008"}],"wp:attachment":[{"href":"https:\/\/www.meublezenith.it\/de\/wp-json\/wp\/v2\/media?parent=13541"}],"curies":[{"name":"wp","href":"https:\/\/api.w.org\/{rel}","templated":true}]}}