{"id":13582,"date":"2024-02-13T11:50:58","date_gmt":"2024-02-13T10:50:58","guid":{"rendered":"https:\/\/www.meublezenith.it\/servizi\/"},"modified":"2024-12-16T11:42:31","modified_gmt":"2024-12-16T10:42:31","slug":"servizi","status":"publish","type":"page","link":"https:\/\/www.meublezenith.it\/de\/servizi\/","title":{"rendered":"Serviceleistungen"},"content":{"rendered":"\t\t<div data-elementor-type=\"wp-page\" data-elementor-id=\"13582\" class=\"elementor elementor-13582 elementor-7470\">\n\t\t\t\t<div class=\"elementor-element elementor-element-a06a488 e-con-full e-flex e-con e-parent\" data-id=\"a06a488\" data-element_type=\"container\" data-e-type=\"container\">\n\t\t\t\t<div class=\"elementor-element elementor-element-2101f16 elementor-widget__width-initial elementor-widget elementor-widget-carsten_core_section_title\" data-id=\"2101f16\" data-element_type=\"widget\" data-e-type=\"widget\" data-widget_type=\"carsten_core_section_title.default\">\n\t\t\t\t<div class=\"elementor-widget-container\">\n\t\t\t\t\t<div class=\"qodef-shortcode qodef-m  qodef-section-title qodef-alignment--left \">\n\t\t<h2 class=\"qodef-m-title\" style=\"color: #C6B9B9;text-transform: uppercase\">\n\t\t\t\t\tUnbeschwerten Urlaub mit unseren Dienstleistungen\t\t\t<\/h2>\n\t\t<\/div>\n\t\t\t\t<\/div>\n\t\t\t\t<\/div>\n\t\t\t\t<div class=\"elementor-element elementor-element-538b854 elementor-widget elementor-widget-text-editor\" data-id=\"538b854\" data-element_type=\"widget\" data-e-type=\"widget\" data-widget_type=\"text-editor.default\">\n\t\t\t\t<div class=\"elementor-widget-container\">\n\t\t\t\t\t\t\t\t\t<p>Unser 3-Sterne-Hotel in Lignano bietet Ihnen zahlreiche Serviceleistungen, damit Sie Ihren Urlaub in aller Ruhe verbringen k\u00f6nnen.<\/p><p>Vom ersten Moment an k\u00f6nnen Sie das Hotel im gr\u00fcnen Herzen des Pinienwaldes, eine gro\u00dfe Terrasse f\u00fcr das Fr\u00fchst\u00fcck und den video\u00fcberwachten Parkplatz, der die gesamte Struktur umgibt, bewundern.<\/p>\t\t\t\t\t\t\t\t<\/div>\n\t\t\t\t<\/div>\n\t\t\t\t<\/div>\n\t\t<div class=\"elementor-element elementor-element-cd9d883 e-con-full e-flex e-con e-parent\" data-id=\"cd9d883\" data-element_type=\"container\" data-e-type=\"container\">\n\t\t\t\t<div class=\"elementor-element elementor-element-28a3b63 elementor-widget__width-inherit elementor-widget elementor-widget-carsten_core_image_with_text\" data-id=\"28a3b63\" data-element_type=\"widget\" data-e-type=\"widget\" data-widget_type=\"carsten_core_image_with_text.default\">\n\t\t\t\t<div class=\"elementor-widget-container\">\n\t\t\t\t\t<div class=\"qodef-shortcode qodef-m  qodef-image-with-text qodef-layout--text-below  qodef--has-appear qodef--has-hover\" data-appear-delay=\"148\">\n\t<div class=\"qodef-m-image\">\n\t\t\t<img fetchpriority=\"high\" decoding=\"async\" width=\"940\" height=\"634\" src=\"https:\/\/www.meublezenith.it\/wp-content\/uploads\/2024\/08\/reception-hotel-zenith-lignano-servizi.jpg\" class=\"attachment-full size-full\" alt=\"\" srcset=\"https:\/\/www.meublezenith.it\/wp-content\/uploads\/2024\/08\/reception-hotel-zenith-lignano-servizi.jpg 940w, https:\/\/www.meublezenith.it\/wp-content\/uploads\/2024\/08\/reception-hotel-zenith-lignano-servizi-300x202.jpg 300w, https:\/\/www.meublezenith.it\/wp-content\/uploads\/2024\/08\/reception-hotel-zenith-lignano-servizi-768x518.jpg 768w\" sizes=\"(max-width: 940px) 100vw, 940px\" \/>\t<\/div>\n\t<div class=\"qodef-m-content\">\n\t\t\t<h4 class=\"qodef-m-title\" style=\"margin-top: 18px\">\n\t\t\t\t\tHauptdienstleistungen\t\t\t<\/h4>\n\t\t\t<div class=\"qodef-m-text\" ><ul><li>- Fr\u00fchst\u00fccksraum<\/li><li>- Reception von 8.00 Uhr bis 23.00 Uhr<\/li><li>- Kostenloses Wi-Fi im gesamten Hotel<\/li><li>- Aufzug<\/li><li>- Bar-Service von 10.30 Uhr bis 22.00 Uhr<\/li><\/ul><\/div>\n\t<\/div>\n<\/div>\n\t\t\t\t<\/div>\n\t\t\t\t<\/div>\n\t\t\t\t<div class=\"elementor-element elementor-element-334bc93 elementor-widget__width-inherit elementor-widget elementor-widget-carsten_core_image_with_text\" data-id=\"334bc93\" data-element_type=\"widget\" data-e-type=\"widget\" data-widget_type=\"carsten_core_image_with_text.default\">\n\t\t\t\t<div class=\"elementor-widget-container\">\n\t\t\t\t\t<div class=\"qodef-shortcode qodef-m  qodef-image-with-text qodef-layout--text-below  qodef--has-appear qodef--has-hover\" data-appear-delay=\"565\">\n\t<div class=\"qodef-m-image\">\n\t\t\t<img decoding=\"async\" width=\"940\" height=\"634\" src=\"https:\/\/www.meublezenith.it\/wp-content\/uploads\/2024\/08\/parcheggio-servizi.jpg\" class=\"attachment-full size-full\" alt=\"\" srcset=\"https:\/\/www.meublezenith.it\/wp-content\/uploads\/2024\/08\/parcheggio-servizi.jpg 940w, https:\/\/www.meublezenith.it\/wp-content\/uploads\/2024\/08\/parcheggio-servizi-300x202.jpg 300w, https:\/\/www.meublezenith.it\/wp-content\/uploads\/2024\/08\/parcheggio-servizi-768x518.jpg 768w\" sizes=\"(max-width: 940px) 100vw, 940px\" \/>\t<\/div>\n\t<div class=\"qodef-m-content\">\n\t\t\t<h4 class=\"qodef-m-title\" style=\"margin-top: 18px\">\n\t\t\t\t\tKostenloser Parkplatz\t\t\t<\/h4>\n\t\t\t<div class=\"qodef-m-text\" ><p>Kostenloser Parkplatz mit \u00dcberwachung innerhalb des Hotels. Der Parkplatz ist nummeriert und pro Zimmer.<br \/>Beim Check-out muss das Auto das Hotel verlassen.<\/p><\/div>\n\t<\/div>\n<\/div>\n\t\t\t\t<\/div>\n\t\t\t\t<\/div>\n\t\t\t\t<\/div>\n\t\t<div class=\"elementor-element elementor-element-c857bef e-con-full e-flex e-con e-parent\" data-id=\"c857bef\" data-element_type=\"container\" data-e-type=\"container\">\n\t\t<div class=\"elementor-element elementor-element-a51d52a e-con-full e-flex e-con e-child\" data-id=\"a51d52a\" data-element_type=\"container\" data-e-type=\"container\">\n\t\t\t\t<div class=\"elementor-element elementor-element-735c88c elementor-widget__width-inherit elementor-widget elementor-widget-carsten_core_image_with_text\" data-id=\"735c88c\" data-element_type=\"widget\" data-e-type=\"widget\" data-widget_type=\"carsten_core_image_with_text.default\">\n\t\t\t\t<div class=\"elementor-widget-container\">\n\t\t\t\t\t<div class=\"qodef-shortcode qodef-m  qodef-image-with-text qodef-layout--text-below  qodef--has-appear qodef--has-hover\" data-appear-delay=\"148\">\n\t<div class=\"qodef-m-image\">\n\t\t\t<img decoding=\"async\" width=\"940\" height=\"634\" src=\"https:\/\/www.meublezenith.it\/wp-content\/uploads\/2024\/08\/spiaggia-pineta-con-palme-servizi.jpg\" class=\"attachment-full size-full\" alt=\"\" srcset=\"https:\/\/www.meublezenith.it\/wp-content\/uploads\/2024\/08\/spiaggia-pineta-con-palme-servizi.jpg 940w, https:\/\/www.meublezenith.it\/wp-content\/uploads\/2024\/08\/spiaggia-pineta-con-palme-servizi-300x202.jpg 300w, https:\/\/www.meublezenith.it\/wp-content\/uploads\/2024\/08\/spiaggia-pineta-con-palme-servizi-768x518.jpg 768w\" sizes=\"(max-width: 940px) 100vw, 940px\" \/>\t<\/div>\n\t<div class=\"qodef-m-content\">\n\t\t\t<h4 class=\"qodef-m-title\" style=\"margin-top: 18px\">\n\t\t\t\t\tStrand Service\t\t\t<\/h4>\n\t\t\t<div class=\"qodef-m-text\" ><p>Elite Strandservice (Sonnenschirm und 2 Liegen) kostenlos ab einem Aufenthalt von 3 Tagen bei Buchung direkt \u00fcber unsere Website.<br \/>Strandservice f\u00fcr Buchungen von 1 oder 2 Tagen ist auf Zahlung und auf Anfrage.<\/p><\/div>\n\t<\/div>\n<\/div>\n\t\t\t\t<\/div>\n\t\t\t\t<\/div>\n\t\t\t\t<div class=\"elementor-element elementor-element-9bade25 elementor-widget elementor-widget-qi_addons_for_elementor_button\" data-id=\"9bade25\" data-element_type=\"widget\" data-e-type=\"widget\" data-widget_type=\"qi_addons_for_elementor_button.default\">\n\t\t\t\t<div class=\"elementor-widget-container\">\n\t\t\t\t\t<a class=\"qodef-shortcode qodef-m qodef-qi-button qodef-html--link qodef-layout--filled qodef-type--standard qodef-size--small qodef-icon--right qodef-hover--icon-move-horizontal-short\" href=\"\/de\/spiaggia\/\" target=\"_self\">\n\t<span class=\"qodef-m-text\">MEHR<\/span>\n\t\t<span class=\"qodef-m-icon\">\n\t\t<span class=\"qodef-m-icon-inner\">\n\t\t\t<svg aria-hidden=\"true\" class=\"e-font-icon-svg e-fas-arrow-right\" viewBox=\"0 0 448 512\" xmlns=\"http:\/\/www.w3.org\/2000\/svg\"><path d=\"M190.5 66.9l22.2-22.2c9.4-9.4 24.6-9.4 33.9 0L441 239c9.4 9.4 9.4 24.6 0 33.9L246.6 467.3c-9.4 9.4-24.6 9.4-33.9 0l-22.2-22.2c-9.5-9.5-9.3-25 .4-34.3L311.4 296H24c-13.3 0-24-10.7-24-24v-32c0-13.3 10.7-24 24-24h287.4L190.9 101.2c-9.8-9.3-10-24.8-.4-34.3z\"><\/path><\/svg>\t\t\t\t\t<\/span>\n\t<\/span>\n<\/a>\n\t\t\t\t<\/div>\n\t\t\t\t<\/div>\n\t\t\t\t<\/div>\n\t\t\t\t<div class=\"elementor-element elementor-element-d5e5d12 elementor-widget__width-inherit elementor-widget elementor-widget-carsten_core_image_with_text\" data-id=\"d5e5d12\" data-element_type=\"widget\" data-e-type=\"widget\" data-widget_type=\"carsten_core_image_with_text.default\">\n\t\t\t\t<div class=\"elementor-widget-container\">\n\t\t\t\t\t<div class=\"qodef-shortcode qodef-m  qodef-image-with-text qodef-layout--text-below  qodef--has-appear qodef--has-hover\" data-appear-delay=\"378\">\n\t<div class=\"qodef-m-image\">\n\t\t\t<img loading=\"lazy\" decoding=\"async\" width=\"940\" height=\"634\" src=\"https:\/\/www.meublezenith.it\/wp-content\/uploads\/2024\/08\/bici-al-mare-servizi.jpg\" class=\"attachment-full size-full\" alt=\"\" srcset=\"https:\/\/www.meublezenith.it\/wp-content\/uploads\/2024\/08\/bici-al-mare-servizi.jpg 940w, https:\/\/www.meublezenith.it\/wp-content\/uploads\/2024\/08\/bici-al-mare-servizi-300x202.jpg 300w, https:\/\/www.meublezenith.it\/wp-content\/uploads\/2024\/08\/bici-al-mare-servizi-768x518.jpg 768w\" sizes=\"(max-width: 940px) 100vw, 940px\" \/>\t<\/div>\n\t<div class=\"qodef-m-content\">\n\t\t\t<h4 class=\"qodef-m-title\" style=\"margin-top: 18px\">\n\t\t\t\t\tKostenpflichtige Dienste\t\t\t<\/h4>\n\t\t\t<div class=\"qodef-m-text\" ><ul><li>- Hotel Fahrradverleih 3,00 \u20ac pro Tag<\/li><li>- Anfragen f\u00fcr zus\u00e4tzliche Sonnenschirme (pro Tag): Mai-Juni-September 18,00 \u20ac \/ Juli-August 20,00 \u20ac<\/li><li>- Kleine Haustiere (Hunde und Katzen) 10,00 \u20ac pro Tag<\/li><\/ul><\/div>\n\t<\/div>\n<\/div>\n\t\t\t\t<\/div>\n\t\t\t\t<\/div>\n\t\t\t\t<\/div>\n\t\t<div class=\"elementor-element elementor-element-4f244c7 e-con-full e-flex e-con e-parent\" data-id=\"4f244c7\" data-element_type=\"container\" data-e-type=\"container\">\n\t\t\t\t<div class=\"elementor-element elementor-element-97679ef elementor-widget elementor-widget-carsten_core_image_gallery\" data-id=\"97679ef\" data-element_type=\"widget\" data-e-type=\"widget\" data-widget_type=\"carsten_core_image_gallery.default\">\n\t\t\t\t<div class=\"elementor-widget-container\">\n\t\t\t\t\t<div class=\"qodef-shortcode qodef-m  qodef-image-gallery qodef-magnific-popup qodef-popup-gallery  qodef-vertical-align--no qodef--light qodef-hover--overlay qodef-grid qodef-swiper-container  qodef-gutter--small  qodef-col-num--2.2  qodef-responsive--custom qodef-col-num--1512--2.2 qodef-col-num--1368--2.2 qodef-col-num--1200--2.2 qodef-col-num--1024--2.2 qodef-col-num--880--2.2 qodef-col-num--680--1\"  data-options=\"{&quot;spaceBetween&quot;:20,&quot;slidesPerView&quot;:2.20000000000000017763568394002504646778106689453125,&quot;loop&quot;:true,&quot;autoplay&quot;:true,&quot;speed&quot;:&quot;&quot;,&quot;speedAnimation&quot;:&quot;&quot;,&quot;slideAnimation&quot;:&quot;&quot;,&quot;direction&quot;:&quot;&quot;,&quot;reverseDirection&quot;:false,&quot;centeredSlides&quot;:true,&quot;sliderScroll&quot;:&quot;&quot;,&quot;loopedSlides&quot;:&quot;&quot;,&quot;hiddenSlides&quot;:&quot;&quot;,&quot;partialColumn&quot;:true,&quot;partialColumnValue&quot;:&quot;0.2&quot;,&quot;customStages&quot;:true,&quot;slidesPerView1512&quot;:2.20000000000000017763568394002504646778106689453125,&quot;slidesPerView1368&quot;:2.20000000000000017763568394002504646778106689453125,&quot;slidesPerView1200&quot;:2.20000000000000017763568394002504646778106689453125,&quot;slidesPerView1024&quot;:2.20000000000000017763568394002504646778106689453125,&quot;slidesPerView880&quot;:2.20000000000000017763568394002504646778106689453125,&quot;slidesPerView680&quot;:&quot;1&quot;}\">\n\t<div class=\"swiper-wrapper\">\n\t\t<div class=\"qodef-e qodef-image-wrapper swiper-slide \">\n\t\t\t<a class=\"qodef-popup-item\" itemprop=\"image\" href=\"https:\/\/www.meublezenith.it\/wp-content\/uploads\/2024\/08\/Hotel-Meuble-Zenith-Notturno-004-servizi.jpg\" data-type=\"image\" title=\"\">\n\t\t\t<div class=\"qodef-e-image\">\n\t\t\t<img loading=\"lazy\" decoding=\"async\" src=\"https:\/\/www.meublezenith.it\/wp-content\/uploads\/2024\/08\/Hotel-Meuble-Zenith-Notturno-004-servizi-850x550.jpg\" alt=\"\" width=\"850\" height=\"550\" data-ratio=\"1.5454545454545\" \/>\t\t<\/div>\n\t\t\t\t\t<\/a>\n\t<\/div>\n<div class=\"qodef-e qodef-image-wrapper swiper-slide \">\n\t\t\t<a class=\"qodef-popup-item\" itemprop=\"image\" href=\"https:\/\/www.meublezenith.it\/wp-content\/uploads\/2024\/08\/esterno-hotel-zenith-lignano-servizi-1.jpg\" data-type=\"image\" title=\"\">\n\t\t\t<div class=\"qodef-e-image\">\n\t\t\t<img loading=\"lazy\" decoding=\"async\" src=\"https:\/\/www.meublezenith.it\/wp-content\/uploads\/2024\/08\/esterno-hotel-zenith-lignano-servizi-1-850x550.jpg\" alt=\"\" width=\"850\" height=\"550\" data-ratio=\"1.5454545454545\" \/>\t\t<\/div>\n\t\t\t\t\t<\/a>\n\t<\/div>\n<div class=\"qodef-e qodef-image-wrapper swiper-slide \">\n\t\t\t<a class=\"qodef-popup-item\" itemprop=\"image\" href=\"https:\/\/www.meublezenith.it\/wp-content\/uploads\/2024\/08\/divanetti-servizi-2.jpg\" data-type=\"image\" title=\"\">\n\t\t\t<div class=\"qodef-e-image\">\n\t\t\t<img loading=\"lazy\" decoding=\"async\" src=\"https:\/\/www.meublezenith.it\/wp-content\/uploads\/2024\/08\/divanetti-servizi-2-850x550.jpg\" alt=\"\" width=\"850\" height=\"550\" data-ratio=\"1.5454545454545\" \/>\t\t<\/div>\n\t\t\t\t\t<\/a>\n\t<\/div>\n<div class=\"qodef-e qodef-image-wrapper swiper-slide \">\n\t\t\t<a class=\"qodef-popup-item\" itemprop=\"image\" href=\"https:\/\/www.meublezenith.it\/wp-content\/uploads\/2024\/08\/reception-hotel-zenith-lignano-servizi-1.jpg\" data-type=\"image\" title=\"\">\n\t\t\t<div class=\"qodef-e-image\">\n\t\t\t<img loading=\"lazy\" decoding=\"async\" src=\"https:\/\/www.meublezenith.it\/wp-content\/uploads\/2024\/08\/reception-hotel-zenith-lignano-servizi-1-850x550.jpg\" alt=\"\" width=\"850\" height=\"550\" data-ratio=\"1.5454545454545\" \/>\t\t<\/div>\n\t\t\t\t\t<\/a>\n\t<\/div>\n<div class=\"qodef-e qodef-image-wrapper swiper-slide \">\n\t\t\t<a class=\"qodef-popup-item\" itemprop=\"image\" href=\"https:\/\/www.meublezenith.it\/wp-content\/uploads\/2024\/08\/sala-colazione-servizi.jpg\" data-type=\"image\" title=\"\">\n\t\t\t<div class=\"qodef-e-image\">\n\t\t\t<img loading=\"lazy\" decoding=\"async\" src=\"https:\/\/www.meublezenith.it\/wp-content\/uploads\/2024\/08\/sala-colazione-servizi-850x550.jpg\" alt=\"\" width=\"850\" height=\"550\" data-ratio=\"1.5454545454545\" \/>\t\t<\/div>\n\t\t\t\t\t<\/a>\n\t<\/div>\n<div class=\"qodef-e qodef-image-wrapper swiper-slide \">\n\t\t\t<a class=\"qodef-popup-item\" itemprop=\"image\" href=\"https:\/\/www.meublezenith.it\/wp-content\/uploads\/2024\/08\/Hotel-Meuble-Zenith-Notturno-022-servizi.jpg\" data-type=\"image\" title=\"\">\n\t\t\t<div class=\"qodef-e-image\">\n\t\t\t<img loading=\"lazy\" decoding=\"async\" src=\"https:\/\/www.meublezenith.it\/wp-content\/uploads\/2024\/08\/Hotel-Meuble-Zenith-Notturno-022-servizi-850x550.jpg\" alt=\"\" width=\"850\" height=\"550\" data-ratio=\"1.5454545454545\" \/>\t\t<\/div>\n\t\t\t\t\t<\/a>\n\t<\/div>\n<div class=\"qodef-e qodef-image-wrapper swiper-slide \">\n\t\t\t<a class=\"qodef-popup-item\" itemprop=\"image\" href=\"https:\/\/www.meublezenith.it\/wp-content\/uploads\/2024\/08\/sala-colazioni-bed-breakfast-lignano-servizi.jpg\" data-type=\"image\" title=\"\">\n\t\t\t<div class=\"qodef-e-image\">\n\t\t\t<img loading=\"lazy\" decoding=\"async\" src=\"https:\/\/www.meublezenith.it\/wp-content\/uploads\/2024\/08\/sala-colazioni-bed-breakfast-lignano-servizi-850x550.jpg\" alt=\"\" width=\"850\" height=\"550\" data-ratio=\"1.5454545454545\" \/>\t\t<\/div>\n\t\t\t\t\t<\/a>\n\t<\/div>\n<div class=\"qodef-e qodef-image-wrapper swiper-slide \">\n\t\t\t<a class=\"qodef-popup-item\" itemprop=\"image\" href=\"https:\/\/www.meublezenith.it\/wp-content\/uploads\/2024\/08\/giardino-e-tavoli-servizi.jpg\" data-type=\"image\" title=\"\">\n\t\t\t<div class=\"qodef-e-image\">\n\t\t\t<img loading=\"lazy\" decoding=\"async\" src=\"https:\/\/www.meublezenith.it\/wp-content\/uploads\/2024\/08\/giardino-e-tavoli-servizi-850x550.jpg\" alt=\"\" width=\"850\" height=\"550\" data-ratio=\"1.5454545454545\" \/>\t\t<\/div>\n\t\t\t\t\t<\/a>\n\t<\/div>\n<div class=\"qodef-e qodef-image-wrapper swiper-slide \">\n\t\t\t<a class=\"qodef-popup-item\" itemprop=\"image\" href=\"https:\/\/www.meublezenith.it\/wp-content\/uploads\/2024\/08\/Hotel-Meuble-Zenith-Notturno-016-servizi.jpg\" data-type=\"image\" title=\"\">\n\t\t\t<div class=\"qodef-e-image\">\n\t\t\t<img loading=\"lazy\" decoding=\"async\" src=\"https:\/\/www.meublezenith.it\/wp-content\/uploads\/2024\/08\/Hotel-Meuble-Zenith-Notturno-016-servizi-850x550.jpg\" alt=\"\" width=\"850\" height=\"550\" data-ratio=\"1.5454545454545\" \/>\t\t<\/div>\n\t\t\t\t\t<\/a>\n\t<\/div>\n<div class=\"qodef-e qodef-image-wrapper swiper-slide \">\n\t\t\t<a class=\"qodef-popup-item\" itemprop=\"image\" href=\"https:\/\/www.meublezenith.it\/wp-content\/uploads\/2024\/08\/esterno-parcheggio-servizi-2.jpg\" data-type=\"image\" title=\"\">\n\t\t\t<div class=\"qodef-e-image\">\n\t\t\t<img loading=\"lazy\" decoding=\"async\" src=\"https:\/\/www.meublezenith.it\/wp-content\/uploads\/2024\/08\/esterno-parcheggio-servizi-2-850x550.jpg\" alt=\"\" width=\"850\" height=\"550\" data-ratio=\"1.5454545454545\" \/>\t\t<\/div>\n\t\t\t\t\t<\/a>\n\t<\/div>\n\t<\/div>\n\t\t<div class=\"swiper-button-prev \"><svg class=\"qodef-svg--navigation-arrow-left\" xmlns=\"http:\/\/www.w3.org\/2000\/svg\" width=\"25.547\" height=\"50.094\"><path fill=\"none\" stroke=\"currentColor\" stroke-linecap=\"round\" stroke-linejoin=\"round\" d=\"M24.84.707.5 25.047l24.34 24.34\"\/><\/svg><\/div>\n\t<div class=\"swiper-button-next \"><svg class=\"qodef-svg--navigation-arrow-right\" xmlns=\"http:\/\/www.w3.org\/2000\/svg\" width=\"25.547\" height=\"50.094\"><path fill=\"none\" stroke=\"currentColor\" stroke-linecap=\"round\" stroke-linejoin=\"round\" d=\"m.707.707 24.34 24.34-24.34 24.34\"\/><\/svg><\/div>\n\t<\/div>\n\t\t\t\t<\/div>\n\t\t\t\t<\/div>\n\t\t\t\t<\/div>\n\t\t\t\t<\/div>\n\t\t","protected":false},"excerpt":{"rendered":"<p>Unbeschwerten Urlaub mit unseren Dienstleistungen Unser 3-Sterne-Hotel in Lignano bietet Ihnen zahlreiche Serviceleistungen, damit Sie Ihren Urlaub in aller Ruhe verbringen k\u00f6nnen. Vom ersten Moment an k\u00f6nnen Sie das Hotel im gr\u00fcnen Herzen des Pinienwaldes, eine gro\u00dfe Terrasse f\u00fcr das Fr\u00fchst\u00fcck und den video\u00fcberwachten Parkplatz, der die gesamte Struktur umgibt, bewundern. Hauptdienstleistungen &#8211; Fr\u00fchst\u00fccksraum &#8211; [&hellip;]<\/p>\n","protected":false},"author":2,"featured_media":0,"parent":0,"menu_order":0,"comment_status":"closed","ping_status":"closed","template":"page-full-width.php","meta":{"footnotes":""},"class_list":["post-13582","page","type-page","status-publish","hentry"],"_links":{"self":[{"href":"https:\/\/www.meublezenith.it\/de\/wp-json\/wp\/v2\/pages\/13582","targetHints":{"allow":["GET"]}}],"collection":[{"href":"https:\/\/www.meublezenith.it\/de\/wp-json\/wp\/v2\/pages"}],"about":[{"href":"https:\/\/www.meublezenith.it\/de\/wp-json\/wp\/v2\/types\/page"}],"author":[{"embeddable":true,"href":"https:\/\/www.meublezenith.it\/de\/wp-json\/wp\/v2\/users\/2"}],"replies":[{"embeddable":true,"href":"https:\/\/www.meublezenith.it\/de\/wp-json\/wp\/v2\/comments?post=13582"}],"version-history":[{"count":2,"href":"https:\/\/www.meublezenith.it\/de\/wp-json\/wp\/v2\/pages\/13582\/revisions"}],"predecessor-version":[{"id":14038,"href":"https:\/\/www.meublezenith.it\/de\/wp-json\/wp\/v2\/pages\/13582\/revisions\/14038"}],"wp:attachment":[{"href":"https:\/\/www.meublezenith.it\/de\/wp-json\/wp\/v2\/media?parent=13582"}],"curies":[{"name":"wp","href":"https:\/\/api.w.org\/{rel}","templated":true}]}}